{"id":4935,"date":"2024-08-12T09:49:52","date_gmt":"2024-08-12T07:49:52","guid":{"rendered":"https:\/\/enlite.testumgebung.vandesandt-stollner.de\/?page_id=4935"},"modified":"2025-01-23T09:43:10","modified_gmt":"2025-01-23T08:43:10","slug":"impressum","status":"publish","type":"page","link":"https:\/\/enlite.de\/en\/impressum\/","title":{"rendered":"Legal Notice"},"content":{"rendered":"<div class=\"fusion-fullwidth fullwidth-box fusion-builder-row-1 fusion-flex-container has-pattern-background has-mask-background nonhundred-percent-fullwidth non-hundred-percent-height-scrolling\" style=\"--awb-border-radius-top-left:0px;--awb-border-radius-top-right:0px;--awb-border-radius-bottom-right:0px;--awb-border-radius-bottom-left:0px;--awb-flex-wrap:wrap;\" ><div class=\"fusion-builder-row fusion-row fusion-flex-align-items-flex-start fusion-flex-content-wrap\" style=\"max-width:1331.2px;margin-left: calc(-4% \/ 2 );margin-right: calc(-4% \/ 2 );\"><div class=\"fusion-layout-column fusion_builder_column fusion-builder-column-0 fusion_builder_column_1_1 1_1 fusion-flex-column\" style=\"--awb-bg-size:cover;--awb-width-large:100%;--awb-margin-top-large:16px;--awb-spacing-right-large:1.92%;--awb-margin-bottom-large:16px;--awb-spacing-left-large:1.92%;--awb-width-medium:100%;--awb-order-medium:0;--awb-spacing-right-medium:1.92%;--awb-spacing-left-medium:1.92%;--awb-width-small:100%;--awb-order-small:0;--awb-spacing-right-small:1.92%;--awb-spacing-left-small:1.92%;\"><div class=\"fusion-column-wrapper fusion-column-has-shadow fusion-flex-justify-content-flex-start fusion-content-layout-column\"><div class=\"fusion-text fusion-text-1\"><p><strong>Angaben gem\u00e4\u00df \u00a7 5 Telemediengesetz (TMG):<\/strong><\/p>\n<p><strong>ENLITE\u00ae Management &amp; Engineering GmbH<br \/>\n<\/strong>Keithstra\u00dfe 10<br \/>\n10787 Berlin<\/p>\n<p><a href=\"tel:+4903013893680\">Tel. 030\/138 936 80<\/a><br \/>\n<a href=\"tel:+4903013893679\">Fax 030\/138 936 79<\/a><br \/>\n<a href=\"mailto:info@enlite.de\">info@enlite.de<\/a><\/p>\n<p><strong>Gesch\u00e4ftsf\u00fchrung<br \/>\n<\/strong>Dr. Robert van de Sandt<br \/>\nMischka Stollner<\/p>\n<p><strong>Rechtsform<br \/>\n<\/strong>Gesellschaft mit beschr\u00e4nkter Haftung<\/p>\n<p><strong>Sitz der Gesellschaft<br \/>\n<\/strong>Berlin<\/p>\n<p><strong>Amtsgericht<br \/>\n<\/strong>Berlin-Charlottenburg \u2013 HRB 120550 B<\/p>\n<p><strong>Umsatzsteuer-Identifikationsnummer<br \/>\n<\/strong>DE265886429<\/p>\n<p><strong>Rechtlicher Hinweis<br \/>\n<\/strong>Die in Formularen von www.enlite.de erhobenen Daten werden weder weitergegeben noch f\u00fcr andere Zwecke verwendet oder \u00fcber den f\u00fcr die Bearbeitung des Anliegens erforderlichen Zeitraum hinweg gespeichert. F\u00fcr den Inhalt, die Vollst\u00e4ndigkeit und die Richtigkeit des Internetangebotes wird keine Gew\u00e4hr \u00fcbernommen. F\u00fcr Inhalte und Funktionen extern verlinkter Webseiten ist enlite.de nicht verantwortlich.<\/p>\n<p>Fotos: ENLITE, Fotolia (Bifoto-Art, Coloures-pic, duncanandison, Deyan Georgiev, Leo Lintang, maxsim, Thorsten Schier)<\/p>\n<p>Piktogramme: thenounproject (Norbert Kucsera (RO), Les vieux gar\u00e7ons (FR), Marek Polakovic (SK), Dimitry Sunseifer (RU), Christian Wad (DK))<\/p>\n<\/div><\/div><\/div><\/div><\/div>","protected":false},"excerpt":{"rendered":"","protected":false},"author":3,"featured_media":0,"parent":0,"menu_order":0,"comment_status":"closed","ping_status":"closed","template":"","meta":{"footnotes":""},"class_list":["post-4935","page","type-page","status-publish","hentry"],"yoast_head":"<!-- This site is optimized with the Yoast SEO plugin v27.4 - https:\/\/yoast.com\/product\/yoast-seo-wordpress\/ -->\n<title>Impressum - ENLITE Management and Engineering<\/title>\n<meta name=\"robots\" content=\"noindex, follow\" \/>\n<meta property=\"og:locale\" content=\"en_US\" \/>\n<meta property=\"og:type\" content=\"article\" \/>\n<meta property=\"og:title\" content=\"Impressum - ENLITE Management and Engineering\" \/>\n<meta property=\"og:url\" content=\"https:\/\/enlite.de\/en\/impressum\/\" \/>\n<meta property=\"og:site_name\" content=\"ENLITE Management and Engineering\" \/>\n<meta property=\"article:modified_time\" content=\"2025-01-23T08:43:10+00:00\" \/>\n<meta name=\"twitter:card\" content=\"summary_large_image\" \/>\n<meta name=\"twitter:label1\" content=\"Est. reading time\" \/>\n\t<meta name=\"twitter:data1\" content=\"1 minute\" \/>\n<script type=\"application\/ld+json\" class=\"yoast-schema-graph\">{\"@context\":\"https:\\\/\\\/schema.org\",\"@graph\":[{\"@type\":\"WebPage\",\"@id\":\"https:\\\/\\\/enlite.de\\\/impressum\\\/\",\"url\":\"https:\\\/\\\/enlite.de\\\/impressum\\\/\",\"name\":\"Impressum - ENLITE Management and Engineering\",\"isPartOf\":{\"@id\":\"https:\\\/\\\/enlite.de\\\/#website\"},\"datePublished\":\"2024-08-12T07:49:52+00:00\",\"dateModified\":\"2025-01-23T08:43:10+00:00\",\"breadcrumb\":{\"@id\":\"https:\\\/\\\/enlite.de\\\/impressum\\\/#breadcrumb\"},\"inLanguage\":\"en-US\",\"potentialAction\":[{\"@type\":\"ReadAction\",\"target\":[\"https:\\\/\\\/enlite.de\\\/impressum\\\/\"]}]},{\"@type\":\"BreadcrumbList\",\"@id\":\"https:\\\/\\\/enlite.de\\\/impressum\\\/#breadcrumb\",\"itemListElement\":[{\"@type\":\"ListItem\",\"position\":1,\"name\":\"Startseite\",\"item\":\"https:\\\/\\\/enlite.de\\\/\"},{\"@type\":\"ListItem\",\"position\":2,\"name\":\"Impressum\"}]},{\"@type\":\"WebSite\",\"@id\":\"https:\\\/\\\/enlite.de\\\/#website\",\"url\":\"https:\\\/\\\/enlite.de\\\/\",\"name\":\"ENLITE Management and Engineering\",\"description\":\"\",\"potentialAction\":[{\"@type\":\"SearchAction\",\"target\":{\"@type\":\"EntryPoint\",\"urlTemplate\":\"https:\\\/\\\/enlite.de\\\/?s={search_term_string}\"},\"query-input\":{\"@type\":\"PropertyValueSpecification\",\"valueRequired\":true,\"valueName\":\"search_term_string\"}}],\"inLanguage\":\"en-US\"}]}<\/script>\n<!-- \/ Yoast SEO plugin. -->","yoast_head_json":{"title":"Impressum - ENLITE Management and Engineering","robots":{"index":"noindex","follow":"follow"},"og_locale":"en_US","og_type":"article","og_title":"Impressum - ENLITE Management and Engineering","og_url":"https:\/\/enlite.de\/en\/impressum\/","og_site_name":"ENLITE Management and Engineering","article_modified_time":"2025-01-23T08:43:10+00:00","twitter_card":"summary_large_image","twitter_misc":{"Est. reading time":"1 minute"},"schema":{"@context":"https:\/\/schema.org","@graph":[{"@type":"WebPage","@id":"https:\/\/enlite.de\/impressum\/","url":"https:\/\/enlite.de\/impressum\/","name":"Impressum - ENLITE Management and Engineering","isPartOf":{"@id":"https:\/\/enlite.de\/#website"},"datePublished":"2024-08-12T07:49:52+00:00","dateModified":"2025-01-23T08:43:10+00:00","breadcrumb":{"@id":"https:\/\/enlite.de\/impressum\/#breadcrumb"},"inLanguage":"en-US","potentialAction":[{"@type":"ReadAction","target":["https:\/\/enlite.de\/impressum\/"]}]},{"@type":"BreadcrumbList","@id":"https:\/\/enlite.de\/impressum\/#breadcrumb","itemListElement":[{"@type":"ListItem","position":1,"name":"Startseite","item":"https:\/\/enlite.de\/"},{"@type":"ListItem","position":2,"name":"Impressum"}]},{"@type":"WebSite","@id":"https:\/\/enlite.de\/#website","url":"https:\/\/enlite.de\/","name":"ENLITE Management and Engineering","description":"","potentialAction":[{"@type":"SearchAction","target":{"@type":"EntryPoint","urlTemplate":"https:\/\/enlite.de\/?s={search_term_string}"},"query-input":{"@type":"PropertyValueSpecification","valueRequired":true,"valueName":"search_term_string"}}],"inLanguage":"en-US"}]}},"_links":{"self":[{"href":"https:\/\/enlite.de\/en\/wp-json\/wp\/v2\/pages\/4935","targetHints":{"allow":["GET"]}}],"collection":[{"href":"https:\/\/enlite.de\/en\/wp-json\/wp\/v2\/pages"}],"about":[{"href":"https:\/\/enlite.de\/en\/wp-json\/wp\/v2\/types\/page"}],"author":[{"embeddable":true,"href":"https:\/\/enlite.de\/en\/wp-json\/wp\/v2\/users\/3"}],"replies":[{"embeddable":true,"href":"https:\/\/enlite.de\/en\/wp-json\/wp\/v2\/comments?post=4935"}],"version-history":[{"count":3,"href":"https:\/\/enlite.de\/en\/wp-json\/wp\/v2\/pages\/4935\/revisions"}],"predecessor-version":[{"id":5406,"href":"https:\/\/enlite.de\/en\/wp-json\/wp\/v2\/pages\/4935\/revisions\/5406"}],"wp:attachment":[{"href":"https:\/\/enlite.de\/en\/wp-json\/wp\/v2\/media?parent=4935"}],"curies":[{"name":"wp","href":"https:\/\/api.w.org\/{rel}","templated":true}]}}